{"id":3710,"date":"2013-10-28T18:41:47","date_gmt":"2013-10-28T18:41:47","guid":{"rendered":"http:\/\/dev.salbii.com\/?page_id=3710"},"modified":"2018-09-04T14:47:13","modified_gmt":"2018-09-04T17:47:13","slug":"redaccion","status":"publish","type":"page","link":"https:\/\/www.lolalatinacom.com\/sitio\/redaccion\/","title":{"rendered":"Redacci\u00f3n"},"content":{"rendered":"<p>[vc_row expand=\u00bbexpand\u00bb bg_type=\u00bbimage\u00bb image=\u00bb3714&#8243; bg_position_x=\u00bbcenter\u00bb bg_position_y=\u00bbbottom\u00bb bg_repeat=\u00bbno-repeat\u00bb bg_size=\u00bbcover\u00bb el_class=\u00bbmobile-bg-image-separate\u00bb css=\u00bb.vc_custom_1531978360245{padding-top: 200px !important;background-image: url(http:\/\/www.lolalatinacom.com\/sitio\/wp-content\/uploads\/2018\/07\/typewriter-2095754_1920.jpg?id=6402) !important;background-position: bottom center !important;background-repeat: no-repeat !important;background-size: contain !important;}\u00bb][vc_column width=\u00bb1\/2&#8243;][\/vc_column][vc_column width=\u00bb1\/2&#8243; el_class=\u00bbhide-for-small\u00bb][vc_column_text el_class=\u00bb margin-top_80px margin-bottom_20px m-margin-top_20px \u00bb el_top_margin=\u00bbmargin-top_80px\u00bb el_bottom_margin=\u00bbmargin-bottom_20px\u00bb]<\/p>\n<h2 style=\"text-align: right; color: #e30613;\"><span class=\"h0\">Redacci\u00f3n<\/span><\/h2>\n<p>[\/vc_column_text][vc_column_text el_class=\u00bb margin-bottom_80px m-margin-bottom_20px \u00bb el_bottom_margin=\u00bbmargin-bottom_80px\u00bb]<\/p>\n<h2 style=\"text-align: right;\"><span style=\"color: #ffffff;\">La redacci\u00f3n est\u00e1 en nuestro ADN.<\/span><\/h2>\n<p>[\/vc_column_text][\/vc_column][\/vc_row][vc_row css=\u00bb.vc_custom_1531979846840{padding-top: 50px !important;}\u00bb][vc_column][\/vc_column][\/vc_row][vc_row bg_position_x=\u00bbcenter\u00bb bg_position_y=\u00bbtop\u00bb bg_repeat=\u00bbno-repeat\u00bb bg_size=\u00bbcover\u00bb el_class=\u00bb margin-top_20px \u00bb el_top_margin=\u00bbmargin-top_20px\u00bb][vc_column width=\u00bb1\/3&#8243;][vc_iconbox icon_position=\u00bbicon-position__left\u00bb style=\u00bbicon-only\u00bb color=\u00bb#6263d8&#8243; icon=\u00bb\ue068\u00bb el_class=\u00bb m-margin-bottom_30px\u00bb][vc_column_text css_animation=\u00bbleft-to-right\u00bb]<\/p>\n<h4>Redacci\u00f3n period\u00edstica<\/h4>\n<p>Nuestras formaci\u00f3n y experiencia period\u00edsticas a tu servicio.[\/vc_column_text][\/vc_iconbox][\/vc_column][vc_column width=\u00bb1\/3&#8243;][vc_iconbox icon_position=\u00bbicon-position__left\u00bb style=\u00bbicon-only\u00bb color=\u00bb#4aaadc\u00bb icon=\u00bb\ue05f\u00bb el_class=\u00bb m-margin-bottom_30px\u00bb][vc_column_text css_animation=\u00bbleft-to-right\u00bb]<\/p>\n<h4>Redacci\u00f3n de boletines y comunicados de prensa<\/h4>\n<p>Cada mensaje adaptado a sus medios ideales.[\/vc_column_text][\/vc_iconbox][\/vc_column][vc_column width=\u00bb1\/3&#8243;][vc_iconbox icon_position=\u00bbicon-position__left\u00bb style=\u00bbicon-only\u00bb color=\u00bb#4abda3&#8243; icon=\u00bb\ue082\u00bb el_class=\u00bb m-margin-bottom_30px\u00bb][vc_column_text css_animation=\u00bbleft-to-right\u00bb]<\/p>\n<h4>Redacci\u00f3n institucional y corporativa<\/h4>\n<p>Cada texto en las palabras efectivas y el tono afinado.[\/vc_column_text][\/vc_iconbox][\/vc_column][\/vc_row][vc_row bg_position_x=\u00bbcenter\u00bb bg_position_y=\u00bbtop\u00bb bg_repeat=\u00bbno-repeat\u00bb bg_size=\u00bbcover\u00bb el_class=\u00bb margin-top_60px m-margin-top_0px \u00bb el_top_margin=\u00bbmargin-top_60px\u00bb][vc_column width=\u00bb1\/3&#8243;][vc_iconbox icon_position=\u00bbicon-position__left\u00bb style=\u00bbicon-only\u00bb color=\u00bb#68dc84&#8243; icon=\u00bb\ue085\u00bb el_class=\u00bb m-margin-bottom_30px\u00bb][vc_column_text css_animation=\u00bbleft-to-right\u00bb]<\/p>\n<h4>Redacci\u00f3n de contenidos para blogs<\/h4>\n<p>Concebimos, redactamos y destacamos el contenido de tu blog.[\/vc_column_text][\/vc_iconbox][\/vc_column][vc_column width=\u00bb1\/3&#8243;][vc_iconbox icon_position=\u00bbicon-position__left\u00bb style=\u00bbicon-only\u00bb color=\u00bb#ef8446&#8243; icon=\u00bb\ue057\u00bb el_class=\u00bb m-margin-bottom_30px\u00bb][vc_column_text css_animation=\u00bbleft-to-right\u00bb]<\/p>\n<h4>Redacci\u00f3n digital y 2.0<\/h4>\n<p>Le damos vida verbal a tus contenidos digitales y redes sociales.<\/p>\n<h4>Redacci\u00f3n creativa<\/h4>\n<p>Escribimos en im\u00e1genes.[\/vc_column_text][\/vc_iconbox][\/vc_column][vc_column width=\u00bb1\/3&#8243;][vc_iconbox icon_position=\u00bbicon-position__left\u00bb style=\u00bbicon-only\u00bb color=\u00bb#f12e55&#8243; icon=\u00bb\ue067\u00bb][vc_column_text css_animation=\u00bbleft-to-right\u00bb]<\/p>\n<h4>Revisi\u00f3n y correcci\u00f3n de textos<\/h4>\n<p>Le damos nueva vida a tus textos y fortalecemos sus posibles deslices.[\/vc_column_text][\/vc_iconbox][\/vc_column][\/vc_row][vc_row bg_position_x=\u00bbcenter\u00bb bg_position_y=\u00bbtop\u00bb bg_repeat=\u00bbno-repeat\u00bb bg_size=\u00bbcover\u00bb el_class=\u00bb margin-top_60px m-margin-top_0px \u00bb el_top_margin=\u00bbmargin-top_60px\u00bb][vc_column width=\u00bb1\/3&#8243;][vc_iconbox icon_position=\u00bbicon-position__left\u00bb style=\u00bbicon-only\u00bb color=\u00bb#68dc84&#8243; icon=\u00bb\ue037\u00bb el_class=\u00bb m-margin-bottom_30px\u00bb][vc_column_text css_animation=\u00bbleft-to-right\u00bb]<\/p>\n<h4>Correcci\u00f3n de estilo<\/h4>\n<p>La m\u00fasica y el sentido adecuados, creativos y correctos para las palabras.[\/vc_column_text][\/vc_iconbox][\/vc_column][vc_column width=\u00bb1\/3&#8243;][vc_iconbox icon_position=\u00bbicon-position__left\u00bb style=\u00bbicon-only\u00bb color=\u00bb#ef8446&#8243; icon=\u00bb\ue014\u00bb el_class=\u00bb m-margin-bottom_30px\u00bb][vc_column_text css_animation=\u00bbleft-to-right\u00bb]<\/p>\n<h4>Traducci\u00f3n de textos<\/h4>\n<p>Traducimos textos period\u00edsticos del espa\u00f1ol al franc\u00e9s y del franc\u00e9s al espa\u00f1ol.[\/vc_column_text][\/vc_iconbox][\/vc_column][\/vc_row][vc_row css=\u00bb.vc_custom_1531979846840{padding-top: 50px !important;}\u00bb][vc_column][\/vc_column][\/vc_row][vc_row expand=\u00bbexpand\u00bb bg_position_x=\u00bbcenter\u00bb bg_position_y=\u00bbtop\u00bb bg_repeat=\u00bbno-repeat\u00bb bg_size=\u00bbcover\u00bb bg_color=\u00bb#f7f7f7&#8243; bg_opacity=\u00bb.3&#8243;][vc_column el_class=\u00bb margin-top_10px margin-bottom_10px \u00bb el_top_margin=\u00bbmargin-top_10px\u00bb el_bottom_margin=\u00bbmargin-bottom_10px\u00bb][vc_column_text css_animation=\u00bbappear\u00bb el_class=\u00bb margin-top_20px margin-bottom_0px \u00bb el_top_margin=\u00bbmargin-top_20px\u00bb el_bottom_margin=\u00bbmargin-bottom_0px\u00bb]<\/p>\n<p style=\"text-align: center;\"><span class=\"uppercase\" style=\"color: #b5b5b5;\">L\u00e9enos<\/span><\/p>\n<p>[\/vc_column_text][\/vc_column][\/vc_row][vc_row expand=\u00bbexpand\u00bb bg_color=\u00bb#f7f7f7&#8243; bg_position_x=\u00bbcenter\u00bb bg_position_y=\u00bbtop\u00bb bg_repeat=\u00bbno-repeat\u00bb bg_size=\u00bbcover\u00bb][vc_column][vc_column_inner width=\u00bb1\/6&#8243;][\/vc_column_inner][vc_column_inner width=\u00bb1\/6&#8243;][vc_single_image image=\u00bb6413&#8243; img_size=\u00bb200&#215;200&#8243; alignment=\u00bbcenter\u00bb onclick=\u00bbcustom_link\u00bb img_link_target=\u00bb_blank\u00bb css_animation=\u00bbappear\u00bb el_class=\u00bb m-margin-bottom_-30px\u00bb link=\u00bbhttp:\/\/www.sayyeah.tv\/saynews\/bandadelasemana-paiko-el-rock-paraguayo-y-latinoamericano\/\u00bb][vc_single_image image=\u00bb6817&#8243; img_size=\u00bb200&#215;200&#8243; alignment=\u00bbcenter\u00bb onclick=\u00bbcustom_link\u00bb img_link_target=\u00bb_blank\u00bb css_animation=\u00bbappear\u00bb el_class=\u00bb m-margin-bottom_-30px\u00bb link=\u00bbhttp:\/\/www.sayyeah.tv\/saynews\/musica-para-bailar-y-alegrarse-judy-buendia-es-la-artistadelasemana\/\u00bb][\/vc_column_inner][vc_column_inner width=\u00bb1\/6&#8243;][vc_single_image image=\u00bb6416&#8243; img_size=\u00bb200&#215;200&#8243; onclick=\u00bbcustom_link\u00bb css_animation=\u00bbappear\u00bb el_class=\u00bb m-margin-bottom_-30px\u00bb link=\u00bbhttp:\/\/warp.la\/wartpteatro-privacidad-174506&#8243;][vc_single_image image=\u00bb6819&#8243; img_size=\u00bb200&#215;200&#8243; onclick=\u00bbcustom_link\u00bb css_animation=\u00bbappear\u00bb el_class=\u00bb m-margin-bottom_-30px\u00bb link=\u00bbhttp:\/\/www.sayyeah.tv\/saynews\/artistadelasemana-jokai-el-artista-poblano-que-recorrio-el-mundo-para-regresar-a-mexico\/\u00bb][\/vc_column_inner][vc_column_inner width=\u00bb1\/6&#8243;][vc_single_image image=\u00bb6417&#8243; img_size=\u00bb200&#215;200&#8243; add_caption=\u00bbyes\u00bb onclick=\u00bbcustom_link\u00bb css_animation=\u00bbappear\u00bb el_class=\u00bb m-margin-bottom_-30px\u00bb link=\u00bbhttp:\/\/warp.la\/le-pain-quotidien-mexico-nueva-carta-especiales-desayuno-179090&#8243;][\/vc_column_inner][vc_column_inner width=\u00bb1\/6&#8243;][vc_single_image image=\u00bb6587&#8243; img_size=\u00bb200&#215;200&#8243; add_caption=\u00bbyes\u00bb onclick=\u00bbcustom_link\u00bb img_link_target=\u00bb_blank\u00bb css_animation=\u00bbappear\u00bb el_class=\u00bb m-margin-bottom_-30px\u00bb link=\u00bbhttp:\/\/popsociete.com\/noticias\/\u00bb][\/vc_column_inner][vc_column_inner width=\u00bb1\/6&#8243;][\/vc_column_inner][\/vc_column][\/vc_row][vc_row expand=\u00bbexpand\u00bb image=\u00bb2543&#8243; bg_position_x=\u00bbcenter\u00bb bg_position_y=\u00bbtop\u00bb bg_repeat=\u00bbno-repeat\u00bb bg_size=\u00bbcover\u00bb bg_color=\u00bb#22576f\u00bb bg_opacity=\u00bb.3&#8243;][vc_column width=\u00bb1\/2&#8243; el_class=\u00bb m-margin-bottom_0px\u00bb][vc_column_text css_animation=\u00bbleft-to-right\u00bb el_class=\u00bb margin-top_25px margin-bottom_40px \u00bb el_top_margin=\u00bbmargin-top_25px\u00bb el_bottom_margin=\u00bbmargin-bottom_40px\u00bb]<span class=\"h2\" style=\"color: #ffffff;\">Consulta nuestros planes<\/span>[\/vc_column_text][\/vc_column][vc_column width=\u00bb1\/2&#8243; el_class=\u00bb m-margin-top_0px \u00ab][vc_button title=\u00bblola@lolalatinacom.com\u00bb size=\u00bbbtn-large\u00bb href=\u00bbmailto:lola@lolalatinacom.com\u00bb icon=\u00bb\ue080\u00bb el_top_margin=\u00bbmargin-top_50px\u00bb el_class=\u00bbcenter\u00bb][\/vc_column][\/vc_row]<\/p>\n<div class=\"row\">\n<div class=\"large-12 columns after-content-output\">\n","protected":false},"excerpt":{"rendered":"<p>[vc_row expand=\u00bbexpand\u00bb bg_type=\u00bbimage\u00bb image=\u00bb3714&#8243; bg_position_x=\u00bbcenter\u00bb bg_position_y=\u00bbbottom\u00bb bg_repeat=\u00bbno-repeat\u00bb bg_size=\u00bbcover\u00bb el_class=\u00bbmobile-bg-image-separate\u00bb css=\u00bb.vc_custom_1531978360245{padding-top: 200px !important;background-image: url(http:\/\/www.lolalatinacom.com\/sitio\/wp-content\/uploads\/2018\/07\/typewriter-2095754_1920.jpg?id=6402) !important;background-position: bottom center !important;background-repeat: no-repeat !important;background-size: contain !important;}\u00bb][vc_column width=\u00bb1\/2&#8243;][\/vc_column][vc_column width=\u00bb1\/2&#8243; el_class=\u00bbhide-for-small\u00bb][vc_column_text el_class=\u00bb margin-top_80px margin-bottom_20px m-margin-top_20px \u00bb el_top_margin=\u00bbmargin-top_80px\u00bb el_bottom_margin=\u00bbmargin-bottom_20px\u00bb] Redacci\u00f3n [\/vc_column_text][vc_column_text el_class=\u00bb margin-bottom_80px m-margin-bottom_20px \u00bb el_bottom_margin=\u00bbmargin-bottom_80px\u00bb] La redacci\u00f3n est\u00e1 en nuestro ADN. [\/vc_column_text][\/vc_column][\/vc_row][vc_row css=\u00bb.vc_custom_1531979846840{padding-top: 50px !important;}\u00bb][vc_column][\/vc_column][\/vc_row][vc_row bg_position_x=\u00bbcenter\u00bb bg_position_y=\u00bbtop\u00bb bg_repeat=\u00bbno-repeat\u00bb bg_size=\u00bbcover\u00bb el_class=\u00bb margin-top_20px \u00bb el_top_margin=\u00bbmargin-top_20px\u00bb][vc_column width=\u00bb1\/3&#8243;][vc_iconbox icon_position=\u00bbicon-position__left\u00bb style=\u00bbicon-only\u00bb color=\u00bb#6263d8&#8243; [&#8230;]<\/p>\n","protected":false},"author":2,"featured_media":0,"parent":0,"menu_order":0,"comment_status":"closed","ping_status":"closed","template":"","meta":{"footnotes":""},"_links":{"self":[{"href":"https:\/\/www.lolalatinacom.com\/sitio\/wp-json\/wp\/v2\/pages\/3710"}],"collection":[{"href":"https:\/\/www.lolalatinacom.com\/sitio\/wp-json\/wp\/v2\/pages"}],"about":[{"href":"https:\/\/www.lolalatinacom.com\/sitio\/wp-json\/wp\/v2\/types\/page"}],"author":[{"embeddable":true,"href":"https:\/\/www.lolalatinacom.com\/sitio\/wp-json\/wp\/v2\/users\/2"}],"replies":[{"embeddable":true,"href":"https:\/\/www.lolalatinacom.com\/sitio\/wp-json\/wp\/v2\/comments?post=3710"}],"version-history":[{"count":35,"href":"https:\/\/www.lolalatinacom.com\/sitio\/wp-json\/wp\/v2\/pages\/3710\/revisions"}],"predecessor-version":[{"id":6821,"href":"https:\/\/www.lolalatinacom.com\/sitio\/wp-json\/wp\/v2\/pages\/3710\/revisions\/6821"}],"wp:attachment":[{"href":"https:\/\/www.lolalatinacom.com\/sitio\/wp-json\/wp\/v2\/media?parent=3710"}],"curies":[{"name":"wp","href":"https:\/\/api.w.org\/{rel}","templated":true}]}}