{"id":3088,"date":"2013-10-16T12:00:26","date_gmt":"2013-10-16T12:00:26","guid":{"rendered":"http:\/\/dev.salbii.com\/?page_id=3088"},"modified":"2022-05-24T18:51:29","modified_gmt":"2022-05-24T21:51:29","slug":"sobre-lola-latina","status":"publish","type":"page","link":"https:\/\/www.lolalatinacom.com\/sitio\/sobre-lola-latina\/","title":{"rendered":"Lola Latina"},"content":{"rendered":"<p>[vc_row expand=\u00bbexpand\u00bb bg_color=\u00bb#fafafa\u00bb bg_position_x=\u00bbcenter\u00bb bg_position_y=\u00bb55%\u00bb bg_repeat=\u00bbno-repeat\u00bb bg_size=\u00bbcover\u00bb image=\u00bb5419&#8243;][vc_column width=\u00bb1\/2&#8243;][vc_column_text css_animation=\u00bbleft-to-right\u00bb el_class=\u00bb margin-top_80px margin-bottom_60px \u00bb el_top_margin=\u00bbmargin-top_80px\u00bb el_bottom_margin=\u00bbmargin-bottom_60px\u00bb]<\/p>\n<h3><span style=\"color: #ff0000;\"><em>\u00abCuando llegue la inspiraci\u00f3n que me encuentre\u00a0\u00a0<\/em><em>trabajando\u00bb<\/em>.\u00a0Pablo Picasso<\/span><\/h3>\n<h2><\/h2>\n<h2><\/h2>\n<h2><em><span style=\"color: #ffffff;\">\u00abLa vida es un copy\u00bb. <\/span><\/em><span style=\"color: #ffffff;\">Lola Latina<\/span><\/h2>\n<p>[\/vc_column_text][\/vc_column][vc_column width=\u00bb1\/2&#8243; el_class=\u00bbhide-for-small\u00bb][\/vc_column][\/vc_row][vc_row bg_position_x=\u00bbcenter\u00bb bg_position_y=\u00bbtop\u00bb bg_repeat=\u00bbno-repeat\u00bb bg_size=\u00bbcover\u00bb el_class=\u00bb margin-top_60px margin-bottom_60px m-margin-top_40px\u00bb el_top_margin=\u00bbmargin-top_60px\u00bb el_bottom_margin=\u00bbmargin-bottom_60px\u00bb][vc_column el_class=\u00bb \u00ab][vc_column_text el_class=\u00bb margin-right_60px m-margin-right_0px \u00bb el_right_margin=\u00bbmargin-right_60px\u00bb]El dominio del lenguaje y de la lengua es la base de mi ADN.<\/p>\n<p>Bebo de mi experiencia y mi formaci\u00f3n acad\u00e9mica en la comunicaci\u00f3n, las letras, el teatro, el cine, la m\u00fasica, la cultura y el mundo 2.0 para hacer del copywriting y la creaci\u00f3n de contenidos una experiencia viva y org\u00e1nica.[\/vc_column_text][\/vc_column][\/vc_row][vc_row expand=\u00bbexpand\u00bb bg_position_x=\u00bbcenter\u00bb bg_position_y=\u00bbtop\u00bb bg_repeat=\u00bbno-repeat\u00bb bg_size=\u00bbcover\u00bb el_class=\u00bbextended-row margin-bottom_60px m-margin-bottom_10px \u00bb el_bottom_margin=\u00bbmargin-bottom_60px\u00bb][vc_column][vc_text_separator title=\u00bbLola Latina\u00bb][\/vc_column][\/vc_row][vc_row][vc_column el_class=\u00bb margin-bottom_45px \u00bb el_bottom_margin=\u00bbmargin-bottom_45px\u00bb][vc_row_inner el_class=\u00bb margin-top_30px margin-bottom_80px \u00bb el_bottom_margin=\u00bbmargin-bottom_80px\u00bb el_top_margin=\u00bbmargin-top_30px\u00bb][vc_column_inner width=\u00bb1\/4&#8243;][vc_column_text el_class=\u00bb margin-bottom_0px \u00bb el_bottom_margin=\u00bbmargin-bottom_0px\u00bb]<\/p>\n<h3><span class=\"h2\">Lola Mendoza<\/span><\/h3>\n<p>[\/vc_column_text][vc_column_text el_class=\u00bb margin-top_0px margin-bottom_40px \u00bb el_top_margin=\u00bbmargin-top_0px\u00bb el_bottom_margin=\u00bbmargin-bottom_40px\u00bb]<span class=\"uppercase light\">Directora<\/span>[\/vc_column_text][\/vc_column_inner][vc_column_inner width=\u00bb1\/4&#8243;][vc_single_image image=\u00bb6504&#8243; img_size=\u00bb168&#215;168&#8243; css_animation=\u00bbleft-to-right\u00bb el_class=\u00bbcircle margin-top_-45px m-margin-top_0px text-center\u00bb el_top_margin=\u00bbmargin-top_-45px\u00bb][\/vc_column_inner][vc_column_inner width=\u00bb1\/2&#8243;][vc_column_text]Periodista y productora cultural especializada en teatro y cine con 15 a\u00f1os de experiencia en la gesti\u00f3n de cultura y la escena art\u00edstica en Latinoam\u00e9rica.[\/vc_column_text][vc_button title=\u00bbCorreo Electr\u00f3nico\u00bb size=\u00bbbtn-mini\u00bb color=\u00bbwpb_button\u00bb style=\u00bbborder radius\u00bb href=\u00bbmailto:lola@lolalatinacom.com \u00bb icon=\u00bb\ue019\u00bb][\/vc_column_inner][\/vc_row_inner][\/vc_column][\/vc_row]<\/p>\n<div class=\"row\">\n<div class=\"large-12 columns after-content-output\">\n","protected":false},"excerpt":{"rendered":"<p>[vc_row expand=\u00bbexpand\u00bb bg_color=\u00bb#fafafa\u00bb bg_position_x=\u00bbcenter\u00bb bg_position_y=\u00bb55%\u00bb bg_repeat=\u00bbno-repeat\u00bb bg_size=\u00bbcover\u00bb image=\u00bb5419&#8243;][vc_column width=\u00bb1\/2&#8243;][vc_column_text css_animation=\u00bbleft-to-right\u00bb el_class=\u00bb margin-top_80px margin-bottom_60px \u00bb el_top_margin=\u00bbmargin-top_80px\u00bb el_bottom_margin=\u00bbmargin-bottom_60px\u00bb] \u00abCuando llegue la inspiraci\u00f3n que me encuentre\u00a0\u00a0trabajando\u00bb.\u00a0Pablo Picasso \u00abLa vida es un copy\u00bb. Lola Latina [\/vc_column_text][\/vc_column][vc_column width=\u00bb1\/2&#8243; el_class=\u00bbhide-for-small\u00bb][\/vc_column][\/vc_row][vc_row bg_position_x=\u00bbcenter\u00bb bg_position_y=\u00bbtop\u00bb bg_repeat=\u00bbno-repeat\u00bb bg_size=\u00bbcover\u00bb el_class=\u00bb margin-top_60px margin-bottom_60px m-margin-top_40px\u00bb el_top_margin=\u00bbmargin-top_60px\u00bb el_bottom_margin=\u00bbmargin-bottom_60px\u00bb][vc_column el_class=\u00bb \u00ab][vc_column_text el_class=\u00bb margin-right_60px m-margin-right_0px \u00bb el_right_margin=\u00bbmargin-right_60px\u00bb]El dominio del lenguaje y de la lengua es la [&#8230;]<\/p>\n","protected":false},"author":2,"featured_media":0,"parent":0,"menu_order":0,"comment_status":"closed","ping_status":"open","template":"","meta":{"footnotes":""},"_links":{"self":[{"href":"https:\/\/www.lolalatinacom.com\/sitio\/wp-json\/wp\/v2\/pages\/3088"}],"collection":[{"href":"https:\/\/www.lolalatinacom.com\/sitio\/wp-json\/wp\/v2\/pages"}],"about":[{"href":"https:\/\/www.lolalatinacom.com\/sitio\/wp-json\/wp\/v2\/types\/page"}],"author":[{"embeddable":true,"href":"https:\/\/www.lolalatinacom.com\/sitio\/wp-json\/wp\/v2\/users\/2"}],"replies":[{"embeddable":true,"href":"https:\/\/www.lolalatinacom.com\/sitio\/wp-json\/wp\/v2\/comments?post=3088"}],"version-history":[{"count":22,"href":"https:\/\/www.lolalatinacom.com\/sitio\/wp-json\/wp\/v2\/pages\/3088\/revisions"}],"predecessor-version":[{"id":7747,"href":"https:\/\/www.lolalatinacom.com\/sitio\/wp-json\/wp\/v2\/pages\/3088\/revisions\/7747"}],"wp:attachment":[{"href":"https:\/\/www.lolalatinacom.com\/sitio\/wp-json\/wp\/v2\/media?parent=3088"}],"curies":[{"name":"wp","href":"https:\/\/api.w.org\/{rel}","templated":true}]}}